{"id":26043386,"date":"2024-08-01T07:56:56","date_gmt":"2024-08-01T05:56:56","guid":{"rendered":"https:\/\/blanclloret.com\/avis-legal\/"},"modified":"2026-02-02T13:28:06","modified_gmt":"2026-02-02T11:28:06","slug":"avis-legal","status":"publish","type":"page","link":"https:\/\/blanclloret.com\/ca\/avis-legal\/","title":{"rendered":"Av\u00eds Legal"},"content":{"rendered":"<p>[et_pb_section fb_built=&#8221;1&#8243; _builder_version=&#8221;4.27.0&#8243; _module_preset=&#8221;default&#8221; global_colors_info=&#8221;{}&#8221;][et_pb_row _builder_version=&#8221;4.27.0&#8243; _module_preset=&#8221;default&#8221; global_colors_info=&#8221;{}&#8221;][et_pb_column type=&#8221;4_4&#8243; _builder_version=&#8221;4.27.0&#8243; _module_preset=&#8221;default&#8221; global_colors_info=&#8221;{}&#8221;][et_pb_text _builder_version=&#8221;4.27.0&#8243; _module_preset=&#8221;default&#8221; hover_enabled=&#8221;0&#8243; global_colors_info=&#8221;{}&#8221; sticky_enabled=&#8221;0&#8243;]<\/p>\n<h1>Av\u00eds Legal<\/h1>\n<p>&nbsp;<\/p>\n<p>\n<strong>DADES IDENTIFICATIVES DEL PRESTADOR DE SERVEIS DE LA SOCIETAT DE LA INFORMACI\u00d3<br \/><\/strong><br \/>\nEn compliment del que disposa l\u2019article 10 de la Llei 34\/2002, d\u201911 de juliol, de serveis de la societat de la informaci\u00f3 i de comer\u00e7 electr\u00f2nic (LSSI), s\u2019informa que el domini d\u2019Internet blanclloret.com \u00e9s gestionat i explotat per la societat<br \/>\n<b>BLANC LLORET S.L.U.<\/b>, amb CIF <span>B22578926<\/span>, amb domicili fiscal a<br \/>\n<span>Carrer Tenerife Mirasol n\u00fam. 25, 08195 Sant Cugat del Vall\u00e8s, Barcelona, Catalunya (Espanya)<\/span>.<br \/>\n<br \/>\nCorreu electr\u00f2nic de contacte:<br \/>\n<a href=\"mailto:hola@blanclloret.com\">hola@blanclloret.com<\/a>.<br \/>\n<br \/>\n<b>BLANC LLORET S.L.U.<\/b> desenvolupa la seva activitat a Espanya dins del sector de l\u2019hostaleria i disposa de les autoritzacions i llic\u00e8ncies necess\u00e0ries per a l\u2019exercici de la seva activitat.<br \/>\nL\u2019acc\u00e9s i \u00fas del lloc web blanclloret.com atribueix la condici\u00f3 d\u2019usuari i implica l\u2019acceptaci\u00f3 plena i sense reserves del present Av\u00eds Legal.\n<\/p>\n<p>\n<strong>ACCEPTACI\u00d3 EXPRESSA I SENSE RESERVES<\/strong><br \/>\nL\u2019\u00fas del lloc web blanclloret.com comporta l\u2019acceptaci\u00f3 expressa i sense reserves de totes i cadascuna de les disposicions incloses en aquest Av\u00eds Legal, en la versi\u00f3 publicada en el moment mateix de l\u2019acc\u00e9s.<br \/>\nblanclloret.com es reserva el dret de modificar el contingut del present Av\u00eds Legal en qualsevol moment i sense necessitat de preav\u00eds.\n<\/p>\n<p>\n<strong>INFORMACI\u00d3 GENERAL I \u00daS DEL LLOC WEB<\/strong><br \/>\nAquest Av\u00eds Legal regula l\u2019\u00fas del lloc web blanclloret.com.<br \/>\nBLANC LLORET S.L.U. es reserva el dret de modificar, limitar o cancel\u00b7lar l\u2019acc\u00e9s al lloc web, aix\u00ed com de denegar l\u2019acc\u00e9s a aquells usuaris que incompleixin les presents condicions.<br \/>\nLes presents condicions es regeixen per la legislaci\u00f3 espanyola.<br \/>\nEn cas de conflicte, seran competents els jutjats i tribunals del domicili del consumidor, si aquest t\u00e9 aquesta condici\u00f3, o els de Barcelona en la resta de casos.\n<\/p>\n<p>\nAquest lloc web est\u00e0 destinat exclusivament a l\u2019\u00fas personal dels usuaris.<br \/>\nQueda prohibit l\u2019\u00fas del lloc web amb finalitats il\u00b7l\u00edcites, aix\u00ed com la reproducci\u00f3, distribuci\u00f3, comunicaci\u00f3 p\u00fablica o transformaci\u00f3 dels seus continguts sense autoritzaci\u00f3 expressa del titular.\n<\/p>\n<p>\n<strong>EXONERACI\u00d3 I LIMITACI\u00d3 DE RESPONSABILITAT<\/strong><br \/>\nLa informaci\u00f3 continguda al lloc web pot contenir errors tipogr\u00e0fics o inexactituds.<br \/>\nblanclloret.com no es fa responsable dels danys i perjudicis derivats de l\u2019\u00fas de la informaci\u00f3 ni de la manca de disponibilitat temporal del lloc web.\n<\/p>\n<p>\n<strong>PROPIETAT INTEL\u00b7LECTUAL I INDUSTRIAL<\/strong><br \/>\nTots els continguts del lloc web blanclloret.com, incloent-hi textos, imatges, dissenys, logotips, fotografies, codi font i qualsevol altre element, estan protegits per la normativa de propietat intel\u00b7lectual i industrial i s\u00f3n titularitat de<br \/>\n<b>BLANC LLORET S.L.U.<\/b> o de tercers degudament autoritzats.<br \/>\nQueda prohibida la seva reproducci\u00f3, distribuci\u00f3 o modificaci\u00f3 sense autoritzaci\u00f3 expressa.\n<\/p>\n<p>\n<strong>\u00daS DE FOTOGRAFIES I IL\u00b7LUSTRACIONS<\/strong><br \/>\nLes imatges i fotografies utilitzades al lloc web tenen una finalitat merament orientativa i no constitueixen una representaci\u00f3 contractual exacta dels serveis oferts.\n<\/p>\n<p>\n<strong>ENLLA\u00c7OS EXTERNS<\/strong><br \/>\nblanclloret.com no es fa responsable dels continguts, pol\u00edtiques o pr\u00e0ctiques dels llocs web de tercers als quals es pugui accedir mitjan\u00e7ant enlla\u00e7os des d\u2019aquest lloc web.\n<\/p>\n<p>\n<strong>EXEMPCI\u00d3 DE RESPONSABILITAT PER CAIGUDES DEL SERVEI<\/strong><br \/>\nblanclloret.com no garanteix la disponibilitat permanent del lloc web ni es fa responsable dels danys derivats d\u2019interrupcions, errors t\u00e8cnics o pres\u00e8ncia de virus inform\u00e0tics.\n<\/p>\n<p>\n<strong>PREUS I IMPOSTOS<\/strong><br \/>\nLlevat que s\u2019indiqui expressament el contrari, els preus mostrats al lloc web inclouen els impostos aplicables.<br \/>\nAlgunes administracions locals poden exigir el pagament de taxes tur\u00edstiques addicionals que s\u2019hauran d\u2019abonar a destinaci\u00f3.\n<\/p>\n<p>\n<strong>COMPRA EN L\u00cdNIA SEGURA<\/strong><br \/>\nblanclloret.com adopta les mesures t\u00e8cniques i organitzatives necess\u00e0ries per garantir la seguretat de les transaccions i la protecci\u00f3 de les dades personals dels usuaris.\n<\/p>\n<p>\n<strong>GESTI\u00d3 DE RECLAMACIONS<\/strong><br \/>\nPer a qualsevol reclamaci\u00f3 relacionada amb l\u2019\u00fas del lloc web o els serveis contractats, l\u2019usuari pot adre\u00e7ar-se al correu electr\u00f2nic<br \/>\n<a href=\"mailto:hola@blanclloret.com\">hola@blanclloret.com<\/a>.<br \/>\nAix\u00ed mateix, s\u2019informa de l\u2019exist\u00e8ncia de la plataforma europea de resoluci\u00f3 de litigis en l\u00ednia:<br \/>\nhttps:\/\/ec.europa.eu\/consumers\/odr\/\n<\/p>\n<p>\n<strong>SUGGERIMENTS<\/strong><br \/>\nA blanclloret.com treballem cont\u00ednuament per millorar els nostres serveis.<br \/>\nPots enviar-nos els teus suggeriments o comentaris a<br \/>\n<a href=\"mailto:hola@blanclloret.com\">hola@blanclloret.com<\/a>.\n<\/p>\n<p>[\/et_pb_text][\/et_pb_column][\/et_pb_row][\/et_pb_section]<\/p>\n","protected":false},"excerpt":{"rendered":"<p>Av\u00eds Legal &nbsp; DADES IDENTIFICATIVES DEL PRESTADOR DE SERVEIS DE LA SOCIETAT DE LA INFORMACI\u00d3 En compliment del que disposa l\u2019article 10 de la Llei 34\/2002, d\u201911 de juliol, de serveis de la societat de la informaci\u00f3 i de comer\u00e7 electr\u00f2nic (LSSI), s\u2019informa que el domini d\u2019Internet blanclloret.com \u00e9s gestionat i explotat per la societat [&hellip;]<\/p>\n","protected":false},"author":2,"featured_media":0,"parent":0,"menu_order":0,"comment_status":"closed","ping_status":"closed","template":"","meta":{"_et_pb_use_builder":"on","_et_pb_old_content":"","_et_gb_content_width":"","footnotes":""},"dipi_cpt_category":[],"class_list":["post-26043386","page","type-page","status-publish","hentry"],"_links":{"self":[{"href":"https:\/\/blanclloret.com\/ca\/wp-json\/wp\/v2\/pages\/26043386","targetHints":{"allow":["GET"]}}],"collection":[{"href":"https:\/\/blanclloret.com\/ca\/wp-json\/wp\/v2\/pages"}],"about":[{"href":"https:\/\/blanclloret.com\/ca\/wp-json\/wp\/v2\/types\/page"}],"author":[{"embeddable":true,"href":"https:\/\/blanclloret.com\/ca\/wp-json\/wp\/v2\/users\/2"}],"replies":[{"embeddable":true,"href":"https:\/\/blanclloret.com\/ca\/wp-json\/wp\/v2\/comments?post=26043386"}],"version-history":[{"count":11,"href":"https:\/\/blanclloret.com\/ca\/wp-json\/wp\/v2\/pages\/26043386\/revisions"}],"predecessor-version":[{"id":26044758,"href":"https:\/\/blanclloret.com\/ca\/wp-json\/wp\/v2\/pages\/26043386\/revisions\/26044758"}],"wp:attachment":[{"href":"https:\/\/blanclloret.com\/ca\/wp-json\/wp\/v2\/media?parent=26043386"}],"wp:term":[{"taxonomy":"dipi_cpt_category","embeddable":true,"href":"https:\/\/blanclloret.com\/ca\/wp-json\/wp\/v2\/dipi_cpt_category?post=26043386"}],"curies":[{"name":"wp","href":"https:\/\/api.w.org\/{rel}","templated":true}]}}