{"id":26043584,"date":"2024-08-01T07:56:56","date_gmt":"2024-08-01T05:56:56","guid":{"rendered":"https:\/\/blanclloret.com\/mentions-legales\/"},"modified":"2026-02-02T13:32:35","modified_gmt":"2026-02-02T11:32:35","slug":"mentions-legales","status":"publish","type":"page","link":"https:\/\/blanclloret.com\/fr\/mentions-legales\/","title":{"rendered":"Mentions l\u00e9gales"},"content":{"rendered":"<p>[et_pb_section fb_built=\u00a0\u00bb1&Prime; _builder_version=\u00a0\u00bb4.27.0&Prime; _module_preset=\u00a0\u00bbdefault\u00a0\u00bb global_colors_info=\u00a0\u00bb{}\u00a0\u00bb][et_pb_row _builder_version=\u00a0\u00bb4.27.0&Prime; _module_preset=\u00a0\u00bbdefault\u00a0\u00bb global_colors_info=\u00a0\u00bb{}\u00a0\u00bb][et_pb_column type=\u00a0\u00bb4_4&Prime; _builder_version=\u00a0\u00bb4.27.0&Prime; _module_preset=\u00a0\u00bbdefault\u00a0\u00bb global_colors_info=\u00a0\u00bb{}\u00a0\u00bb][et_pb_text _builder_version=\u00a0\u00bb4.27.0&Prime; _module_preset=\u00a0\u00bbdefault\u00a0\u00bb hover_enabled=\u00a0\u00bb0&Prime; global_colors_info=\u00a0\u00bb{}\u00a0\u00bb sticky_enabled=\u00a0\u00bb0&Prime;]<\/p>\n<h1>Avis Juridique<\/h1>\n<p>&nbsp;<\/p>\n<p>\n<strong>IDENTIT\u00c9 DU PRESTATAIRE DE SERVICES DE LA SOCI\u00c9T\u00c9 DE L\u2019INFORMATION<br \/><\/strong><br \/>\nConform\u00e9ment \u00e0 l\u2019article 10 de la Loi 34\/2002 du 11 juillet relative aux services de la soci\u00e9t\u00e9 de l\u2019information et au commerce \u00e9lectronique (LSSI), les informations suivantes sont port\u00e9es \u00e0 la connaissance des utilisateurs :<br \/>\nLe nom de domaine blanclloret.com est exploit\u00e9 par la soci\u00e9t\u00e9<br \/>\n<b>BLANC LLORET S.L.U.<\/b>, titulaire du num\u00e9ro d\u2019identification fiscale (CIF) <span>B22578926<\/span>, dont le si\u00e8ge social est situ\u00e9<br \/>\n<span>Calle Tenerife Mirasol n\u00ba 25, 08195 Sant Cugat del Vall\u00e8s, Barcelone, Catalogne (Espagne)<\/span>.<br \/>\n<br \/>\nAdresse \u00e9lectronique de contact :<br \/>\n<a href=\"mailto:hola@blanclloret.com\">hola@blanclloret.com<\/a>.<br \/>\n<br \/>\n<b>BLANC LLORET S.L.U.<\/b> exerce son activit\u00e9 en Espagne dans le secteur de l\u2019h\u00f4tellerie et dispose des autorisations et licences n\u00e9cessaires \u00e0 l\u2019exercice l\u00e9gal de son activit\u00e9.<br \/>\nL\u2019acc\u00e8s et l\u2019utilisation du site web blanclloret.com conf\u00e8rent la qualit\u00e9 d\u2019utilisateur et impliquent l\u2019acceptation pleine et enti\u00e8re du pr\u00e9sent Avis Juridique.\n<\/p>\n<p>\n<strong>ACCEPTATION EXPRESSE ET SANS R\u00c9SERVE<\/strong><br \/>\nL\u2019utilisation du site web blanclloret.com implique l\u2019acceptation expresse et sans r\u00e9serve de l\u2019ensemble des dispositions figurant dans le pr\u00e9sent Avis Juridique, dans la version publi\u00e9e au moment de l\u2019acc\u00e8s au site.<br \/>\nblanclloret.com se r\u00e9serve le droit de modifier le pr\u00e9sent Avis Juridique \u00e0 tout moment et sans pr\u00e9avis.\n<\/p>\n<p>\n<strong>INFORMATIONS G\u00c9N\u00c9RALES ET UTILISATION DU SITE WEB<\/strong><br \/>\nLe pr\u00e9sent Avis Juridique r\u00e9git l\u2019acc\u00e8s et l\u2019utilisation du site web blanclloret.com.<br \/>\nBLANC LLORET S.L.U. se r\u00e9serve le droit de modifier, limiter ou suspendre l\u2019acc\u00e8s au site web, ainsi que de refuser l\u2019acc\u00e8s aux utilisateurs qui ne respecteraient pas les pr\u00e9sentes conditions.<br \/>\nLes pr\u00e9sentes conditions sont r\u00e9gies par le droit espagnol.<br \/>\nEn cas de litige, les tribunaux du domicile du consommateur seront comp\u00e9tents lorsque celui-ci a cette qualit\u00e9 ; \u00e0 d\u00e9faut, les tribunaux de Barcelone seront comp\u00e9tents.\n<\/p>\n<p>\nCe site web est destin\u00e9 exclusivement \u00e0 un usage personnel.<br \/>\nToute utilisation \u00e0 des fins illicites est strictement interdite, de m\u00eame que la reproduction, la distribution, la communication publique ou la modification des contenus sans l\u2019autorisation expresse du titulaire.\n<\/p>\n<p>\n<strong>EXCLUSION ET LIMITATION DE RESPONSABILIT\u00c9<\/strong><br \/>\nLes informations figurant sur le site web peuvent contenir des erreurs typographiques ou des inexactitudes.<br \/>\nblanclloret.com ne saurait \u00eatre tenu responsable des dommages r\u00e9sultant de l\u2019utilisation des informations fournies ou de l\u2019indisponibilit\u00e9 temporaire du site web.\n<\/p>\n<p>\n<strong>PROPRI\u00c9T\u00c9 INTELLECTUELLE ET INDUSTRIELLE<\/strong><br \/>\nL\u2019ensemble des contenus du site web blanclloret.com, y compris les textes, images, dessins, logos, photographies, code source et tout autre \u00e9l\u00e9ment, est prot\u00e9g\u00e9 par les droits de propri\u00e9t\u00e9 intellectuelle et industrielle et appartient \u00e0<br \/>\n<b>BLANC LLORET S.L.U.<\/b> ou \u00e0 des tiers d\u00fbment autoris\u00e9s.<br \/>\nToute reproduction, distribution ou modification sans autorisation expresse est strictement interdite.\n<\/p>\n<p>\n<strong>UTILISATION DES PHOTOGRAPHIES ET ILLUSTRATIONS<\/strong><br \/>\nLes images et photographies pr\u00e9sent\u00e9es sur le site web ont un caract\u00e8re purement illustratif et ne constituent pas une repr\u00e9sentation contractuelle exacte des services propos\u00e9s.\n<\/p>\n<p>\n<strong>LIENS EXTERNES<\/strong><br \/>\nblanclloret.com n\u2019assume aucune responsabilit\u00e9 quant aux contenus, politiques ou pratiques des sites web de tiers accessibles via des liens figurant sur ce site.\n<\/p>\n<p>\n<strong>EXON\u00c9RATION DE RESPONSABILIT\u00c9 EN CAS D\u2019INTERRUPTION DU SERVICE<\/strong><br \/>\nblanclloret.com ne garantit pas la disponibilit\u00e9 permanente du site web et ne saurait \u00eatre tenu responsable des dommages r\u00e9sultant d\u2019interruptions, de d\u00e9faillances techniques ou de la pr\u00e9sence de virus informatiques.\n<\/p>\n<p>\n<strong>PRIX ET TAXES<\/strong><br \/>\nSauf indication contraire expresse, les prix affich\u00e9s sur le site web incluent toutes les taxes applicables.<br \/>\nCertaines autorit\u00e9s locales peuvent exiger le paiement de taxes touristiques suppl\u00e9mentaires, \u00e0 r\u00e9gler sur le lieu de s\u00e9jour.\n<\/p>\n<p>\n<strong>ACHAT EN LIGNE S\u00c9CURIS\u00c9<\/strong><br \/>\nblanclloret.com met en \u0153uvre les mesures techniques et organisationnelles n\u00e9cessaires afin de garantir la s\u00e9curit\u00e9 des transactions et la protection des donn\u00e9es personnelles des utilisateurs.\n<\/p>\n<p>\n<strong>GESTION DES R\u00c9CLAMATIONS<\/strong><br \/>\nPour toute r\u00e9clamation relative \u00e0 l\u2019utilisation du site web ou aux services contract\u00e9s, les utilisateurs peuvent contacter<br \/>\n<a href=\"mailto:hola@blanclloret.com\">hola@blanclloret.com<\/a>.<br \/>\nConform\u00e9ment \u00e0 la r\u00e9glementation europ\u00e9enne, les utilisateurs sont \u00e9galement inform\u00e9s de l\u2019existence de la plateforme de r\u00e8glement en ligne des litiges (RLL) :<br \/>\nhttps:\/\/ec.europa.eu\/consumers\/odr\/\n<\/p>\n<p>\n<strong>SUGGESTIONS<\/strong><br \/>\nChez blanclloret.com, nous travaillons en permanence \u00e0 l\u2019am\u00e9lioration de nos services.<br \/>\nVous pouvez nous transmettre vos suggestions ou commentaires \u00e0 l\u2019adresse suivante :<br \/>\n<a href=\"mailto:hola@blanclloret.com\">hola@blanclloret.com<\/a>.\n<\/p>\n<p>[\/et_pb_text][\/et_pb_column][\/et_pb_row][\/et_pb_section]<\/p>\n","protected":false},"excerpt":{"rendered":"<p>Avis Juridique &nbsp; IDENTIT\u00c9 DU PRESTATAIRE DE SERVICES DE LA SOCI\u00c9T\u00c9 DE L\u2019INFORMATION Conform\u00e9ment \u00e0 l\u2019article 10 de la Loi 34\/2002 du 11 juillet relative aux services de la soci\u00e9t\u00e9 de l\u2019information et au commerce \u00e9lectronique (LSSI), les informations suivantes sont port\u00e9es \u00e0 la connaissance des utilisateurs : Le nom de domaine blanclloret.com est exploit\u00e9 [&hellip;]<\/p>\n","protected":false},"author":2,"featured_media":0,"parent":0,"menu_order":0,"comment_status":"closed","ping_status":"closed","template":"","meta":{"_et_pb_use_builder":"on","_et_pb_old_content":"","_et_gb_content_width":"","footnotes":""},"dipi_cpt_category":[],"class_list":["post-26043584","page","type-page","status-publish","hentry"],"_links":{"self":[{"href":"https:\/\/blanclloret.com\/fr\/wp-json\/wp\/v2\/pages\/26043584","targetHints":{"allow":["GET"]}}],"collection":[{"href":"https:\/\/blanclloret.com\/fr\/wp-json\/wp\/v2\/pages"}],"about":[{"href":"https:\/\/blanclloret.com\/fr\/wp-json\/wp\/v2\/types\/page"}],"author":[{"embeddable":true,"href":"https:\/\/blanclloret.com\/fr\/wp-json\/wp\/v2\/users\/2"}],"replies":[{"embeddable":true,"href":"https:\/\/blanclloret.com\/fr\/wp-json\/wp\/v2\/comments?post=26043584"}],"version-history":[{"count":7,"href":"https:\/\/blanclloret.com\/fr\/wp-json\/wp\/v2\/pages\/26043584\/revisions"}],"predecessor-version":[{"id":26044762,"href":"https:\/\/blanclloret.com\/fr\/wp-json\/wp\/v2\/pages\/26043584\/revisions\/26044762"}],"wp:attachment":[{"href":"https:\/\/blanclloret.com\/fr\/wp-json\/wp\/v2\/media?parent=26043584"}],"wp:term":[{"taxonomy":"dipi_cpt_category","embeddable":true,"href":"https:\/\/blanclloret.com\/fr\/wp-json\/wp\/v2\/dipi_cpt_category?post=26043584"}],"curies":[{"name":"wp","href":"https:\/\/api.w.org\/{rel}","templated":true}]}}