{"id":26044716,"date":"2025-10-09T18:08:19","date_gmt":"2025-10-09T16:08:19","guid":{"rendered":"https:\/\/blanclloret.com\/politique-de-confidentialite\/"},"modified":"2026-02-02T15:08:41","modified_gmt":"2026-02-02T13:08:41","slug":"politique-de-confidentialite","status":"publish","type":"page","link":"https:\/\/blanclloret.com\/fr\/politique-de-confidentialite\/","title":{"rendered":"Politique de confidentialit\u00e9"},"content":{"rendered":"<p>[et_pb_section fb_built=\u00a0\u00bb1&Prime; _builder_version=\u00a0\u00bb4.27.0&Prime; _module_preset=\u00a0\u00bbdefault\u00a0\u00bb global_colors_info=\u00a0\u00bb{}\u00a0\u00bb][et_pb_row _builder_version=\u00a0\u00bb4.27.0&Prime; _module_preset=\u00a0\u00bbdefault\u00a0\u00bb global_colors_info=\u00a0\u00bb{}\u00a0\u00bb][et_pb_column type=\u00a0\u00bb4_4&Prime; _builder_version=\u00a0\u00bb4.27.0&Prime; _module_preset=\u00a0\u00bbdefault\u00a0\u00bb global_colors_info=\u00a0\u00bb{}\u00a0\u00bb][et_pb_text _builder_version=\u00a0\u00bb4.27.0&Prime; _module_preset=\u00a0\u00bbdefault\u00a0\u00bb hover_enabled=\u00a0\u00bb0&Prime; global_colors_info=\u00a0\u00bb{}\u00a0\u00bb sticky_enabled=\u00a0\u00bb0&Prime;]<\/p>\n<h1>Politique de Confidentialit\u00e9<\/h1>\n<p>&nbsp;<\/p>\n<p>\nBLANC LLORET S.L.U., dont le si\u00e8ge social est situ\u00e9 Calle Tenerife Mirasol n\u00b0 25, 08195 Sant Cugat del Vall\u00e8s, Barcelone (Espagne), num\u00e9ro d\u2019identification fiscale (CIF) B22578926 (ci-apr\u00e8s le \u00ab Responsable du traitement \u00bb ou le \u00ab Responsable \u00bb), s\u2019engage \u00e0 prot\u00e9ger la vie priv\u00e9e des personnes physiques lors de la navigation et de l\u2019utilisation des services du site web https:\/\/blanclloret.com (ci-apr\u00e8s le \u00ab Site \u00bb ou le \u00ab Site Web \u00bb).\n<\/p>\n<p>\nLe pr\u00e9sent document d\u00e9crit tous les aspects relatifs au traitement des donn\u00e9es personnelles des utilisateurs (ci-apr\u00e8s les \u00ab Personnes concern\u00e9es \u00bb) effectu\u00e9 via le Site Web, conform\u00e9ment \u00e0 l\u2019article 13 du R\u00e8glement (UE) 2016\/679 (R\u00e8glement G\u00e9n\u00e9ral sur la Protection des Donn\u00e9es \u2013 \u00ab RGPD \u00bb).<br \/>\nTous les traitements r\u00e9alis\u00e9s par le Responsable reposent sur les principes de lic\u00e9it\u00e9, loyaut\u00e9 et transparence, de limitation des finalit\u00e9s, de minimisation des donn\u00e9es, d\u2019exactitude, de limitation de la conservation, d\u2019int\u00e9grit\u00e9 et de confidentialit\u00e9.\n<\/p>\n<h3><strong>1. Responsable du traitement<\/strong><\/h3>\n<p>\nLe Responsable du traitement des donn\u00e9es personnelles effectu\u00e9es via le Site Web est BLANC LLORET S.L.U. et peut \u00eatre contact\u00e9 via les coordonn\u00e9es indiqu\u00e9es dans la section \u00ab Contact \u00bb de la pr\u00e9sente Politique de Confidentialit\u00e9.\n<\/p>\n<h3><strong>2. Cat\u00e9gories de donn\u00e9es personnelles trait\u00e9es<\/strong><\/h3>\n<h4>Donn\u00e9es de navigation et d\u2019utilisation<\/h4>\n<p>\nInformations collect\u00e9es lors de la visite de l\u2019utilisateur sur le Site Web, telles que l\u2019adresse IP, les adresses URI, l\u2019historique de navigation, les interactions avec le Site Web, le type et la langue du navigateur, le syst\u00e8me d\u2019exploitation, la localisation approximative, la date et l\u2019heure d\u2019acc\u00e8s. Ces donn\u00e9es ne sont pas collect\u00e9es afin d\u2019identifier directement l\u2019utilisateur, mais pourraient permettre son identification par recoupement avec des donn\u00e9es d\u00e9tenues par des tiers.\n<\/p>\n<h4>Donn\u00e9es communiqu\u00e9es volontairement par l\u2019utilisateur<\/h4>\n<p>\nDonn\u00e9es personnelles fournies volontairement par l\u2019utilisateur via les formulaires du Site Web, tels que les formulaires de contact ou de r\u00e9servation. Ces donn\u00e9es peuvent inclure, entre autres, le nom et le pr\u00e9nom, les coordonn\u00e9es de contact (adresse \u00e9lectronique, num\u00e9ro de t\u00e9l\u00e9phone), l\u2019adresse postale et toute autre information n\u00e9cessaire \u00e0 la fourniture du service demand\u00e9.\n<\/p>\n<h4>Donn\u00e9es commerciales<\/h4>\n<p>\nInformations n\u00e9cessaires au respect des obligations \u00e9conomiques et fiscales li\u00e9es \u00e0 la fourniture des services, notamment les donn\u00e9es de paiement, de facturation, l\u2019historique des r\u00e9servations et des transactions.\n<\/p>\n<h4>Donn\u00e9es de profilage<\/h4>\n<p>\nInformations collect\u00e9es par le biais de cookies ou d\u2019autres technologies de suivi afin d\u2019analyser les habitudes de navigation, les pr\u00e9f\u00e9rences et les centres d\u2019int\u00e9r\u00eat des utilisateurs de mani\u00e8re automatis\u00e9e.\n<\/p>\n<h4>Donn\u00e9es de localisation<\/h4>\n<p>\nInformations indiquant la localisation g\u00e9ographique approximative de l\u2019appareil de l\u2019utilisateur, lorsque celui-ci l\u2019autorise, \u00e0 des fins statistiques ou d\u2019am\u00e9lioration du service.\n<\/p>\n<h3><strong>3. Finalit\u00e9s du traitement<\/strong><\/h3>\n<p>\nLes donn\u00e9es personnelles collect\u00e9es sont trait\u00e9es aux fins suivantes :\n<\/p>\n<ul>\n<li>G\u00e9rer les demandes d\u2019information et les r\u00e9servations.<\/li>\n<li>Fournir les services propos\u00e9s via le Site Web.<\/li>\n<li>G\u00e9rer les paiements et la facturation.<\/li>\n<li>Assurer la s\u00e9curit\u00e9 du Site Web et pr\u00e9venir la fraude.<\/li>\n<li>R\u00e9aliser des analyses statistiques et am\u00e9liorer les services.<\/li>\n<li>Envoyer des communications commerciales, lorsque l\u2019utilisateur a donn\u00e9 son consentement.<\/li>\n<li>Respecter les obligations l\u00e9gales applicables.<\/li>\n<li>Exercer ou d\u00e9fendre des droits en justice.<\/li>\n<\/ul>\n<h3><strong>4. Bases juridiques du traitement<\/strong><\/h3>\n<p>\nLe traitement des donn\u00e9es personnelles repose sur les bases juridiques suivantes :\n<\/p>\n<ul>\n<li>L\u2019ex\u00e9cution d\u2019un contrat ou la mise en \u0153uvre de mesures pr\u00e9contractuelles (art. 6.1.b RGPD).<\/li>\n<li>Le consentement de la personne concern\u00e9e (art. 6.1.a RGPD).<\/li>\n<li>Le respect d\u2019obligations l\u00e9gales (art. 6.1.c RGPD).<\/li>\n<li>L\u2019int\u00e9r\u00eat l\u00e9gitime du Responsable (art. 6.1.f RGPD).<\/li>\n<\/ul>\n<h3><strong>5. Modalit\u00e9s du traitement<\/strong><\/h3>\n<p>\nLes donn\u00e9es personnelles sont trait\u00e9es par des moyens manuels et automatis\u00e9s, en appliquant des mesures techniques et organisationnelles appropri\u00e9es afin de garantir leur s\u00e9curit\u00e9, leur int\u00e9grit\u00e9 et leur confidentialit\u00e9, conform\u00e9ment aux articles 6 et 32 du RGPD.\n<\/p>\n<h3><strong>6. Transferts internationaux de donn\u00e9es<\/strong><\/h3>\n<p>\nAucun transfert de donn\u00e9es personnelles en dehors de l\u2019Espace \u00c9conomique Europ\u00e9en (EEE) n\u2019est pr\u00e9vu. Si de tels transferts devaient avoir lieu, le Responsable garantirait la mise en place de garanties appropri\u00e9es conform\u00e9ment au RGPD.\n<\/p>\n<h3><strong>7. Dur\u00e9es de conservation<\/strong><\/h3>\n<p>\nLes donn\u00e9es personnelles sont conserv\u00e9es uniquement pendant la dur\u00e9e n\u00e9cessaire \u00e0 la r\u00e9alisation des finalit\u00e9s pour lesquelles elles ont \u00e9t\u00e9 collect\u00e9es et conform\u00e9ment aux exigences l\u00e9gales applicables.\n<\/p>\n<ul>\n<li>Donn\u00e9es relatives \u00e0 la fourniture du service : jusqu\u2019\u00e0 10 ans.<\/li>\n<li>Donn\u00e9es de facturation : jusqu\u2019\u00e0 10 ans.<\/li>\n<li>Donn\u00e9es trait\u00e9es \u00e0 des fins commerciales : jusqu\u2019au retrait du consentement par l\u2019utilisateur.<\/li>\n<\/ul>\n<h3><strong>8. Destinataires des donn\u00e9es<\/strong><\/h3>\n<p>\nLes donn\u00e9es personnelles peuvent \u00eatre communiqu\u00e9es \u00e0 :\n<\/p>\n<ul>\n<li>Le personnel autoris\u00e9 du Responsable.<\/li>\n<li>Des prestataires de services agissant en qualit\u00e9 de sous-traitants (h\u00e9bergement, services de paiement, maintenance technique).<\/li>\n<li>Les autorit\u00e9s publiques, lorsque la loi l\u2019exige.<\/li>\n<\/ul>\n<h3><strong>9. Droits des personnes concern\u00e9es<\/strong><\/h3>\n<p>\nLes utilisateurs disposent des droits d\u2019acc\u00e8s, de rectification, d\u2019effacement, d\u2019opposition, de limitation du traitement et de portabilit\u00e9 des donn\u00e9es, ainsi que du droit de ne pas faire l\u2019objet de d\u00e9cisions automatis\u00e9es.\n<\/p>\n<p>\nLes demandes peuvent \u00eatre adress\u00e9es \u00e0 <a href=\"mailto:hola@blanclloret.com\">hola@blanclloret.com<\/a>. Les personnes concern\u00e9es ont \u00e9galement le droit d\u2019introduire une r\u00e9clamation aupr\u00e8s de l\u2019Agence Espagnole de Protection des Donn\u00e9es (AEPD).\n<\/p>\n<h3><strong>10. Contact<\/strong><\/h3>\n<p>\nPour toute question relative \u00e0 la pr\u00e9sente Politique de Confidentialit\u00e9 ou au traitement des donn\u00e9es personnelles, vous pouvez contacter le Responsable \u00e0 l\u2019adresse \u00e9lectronique suivante :<br \/>\n<a href=\"mailto:hola@blanclloret.com\">hola@blanclloret.com<\/a>.\n<\/p>\n<p>[\/et_pb_text][\/et_pb_column][\/et_pb_row][\/et_pb_section]<\/p>\n","protected":false},"excerpt":{"rendered":"<p>Politique de Confidentialit\u00e9 &nbsp; BLANC LLORET S.L.U., dont le si\u00e8ge social est situ\u00e9 Calle Tenerife Mirasol n\u00b0 25, 08195 Sant Cugat del Vall\u00e8s, Barcelone (Espagne), num\u00e9ro d\u2019identification fiscale (CIF) B22578926 (ci-apr\u00e8s le \u00ab Responsable du traitement \u00bb ou le \u00ab Responsable \u00bb), s\u2019engage \u00e0 prot\u00e9ger la vie priv\u00e9e des personnes physiques lors de la navigation [&hellip;]<\/p>\n","protected":false},"author":4,"featured_media":0,"parent":0,"menu_order":0,"comment_status":"closed","ping_status":"closed","template":"","meta":{"_et_pb_use_builder":"on","_et_pb_old_content":"","_et_gb_content_width":"","footnotes":""},"dipi_cpt_category":[],"class_list":["post-26044716","page","type-page","status-publish","hentry"],"_links":{"self":[{"href":"https:\/\/blanclloret.com\/fr\/wp-json\/wp\/v2\/pages\/26044716","targetHints":{"allow":["GET"]}}],"collection":[{"href":"https:\/\/blanclloret.com\/fr\/wp-json\/wp\/v2\/pages"}],"about":[{"href":"https:\/\/blanclloret.com\/fr\/wp-json\/wp\/v2\/types\/page"}],"author":[{"embeddable":true,"href":"https:\/\/blanclloret.com\/fr\/wp-json\/wp\/v2\/users\/4"}],"replies":[{"embeddable":true,"href":"https:\/\/blanclloret.com\/fr\/wp-json\/wp\/v2\/comments?post=26044716"}],"version-history":[{"count":3,"href":"https:\/\/blanclloret.com\/fr\/wp-json\/wp\/v2\/pages\/26044716\/revisions"}],"predecessor-version":[{"id":26044794,"href":"https:\/\/blanclloret.com\/fr\/wp-json\/wp\/v2\/pages\/26044716\/revisions\/26044794"}],"wp:attachment":[{"href":"https:\/\/blanclloret.com\/fr\/wp-json\/wp\/v2\/media?parent=26044716"}],"wp:term":[{"taxonomy":"dipi_cpt_category","embeddable":true,"href":"https:\/\/blanclloret.com\/fr\/wp-json\/wp\/v2\/dipi_cpt_category?post=26044716"}],"curies":[{"name":"wp","href":"https:\/\/api.w.org\/{rel}","templated":true}]}}